{"id":185,"date":"2018-05-14T13:23:47","date_gmt":"2018-05-14T11:23:47","guid":{"rendered":"http:\/\/www.osteopathie-ulm.de\/?page_id=185"},"modified":"2018-05-14T14:01:46","modified_gmt":"2018-05-14T12:01:46","slug":"datenschutz-homepage","status":"publish","type":"page","link":"https:\/\/www.osteopathie-ulm.de\/?page_id=185","title":{"rendered":"Datenschutz Homepage"},"content":{"rendered":"<p>Dies ist ein einfaches Muster zur Erf\u00fcllung der Informationspflichten, die sich bei der Nutzung Ihrer Homepage aus Art. 13 und 14 DSGVO ergeben.<br \/>\nHinweise zur Datenverarbeitung<\/p>\n<p>Sehr geehrter Besucher unserer Homepage,<br \/>\nwir sind verpflichtet, Sie umfassend \u00fcber den Umfang und den Zweck der im Rahmen der Homepagenutzung erhobener Daten und Ihre damit verbundenen Rechte zu informieren.<br \/>\nDiese Hinweise zur Datenverarbeitung gelten f\u00fcr die Datenverarbeitung durch die Naturheilpraxen  osteopathie-ulm.de<br \/>\n1. Name und Kontaktdaten des f\u00fcr die Verarbeitung Verantwortlichen [sowie des betrieblichen Datenschutzbeauftragten]<\/p>\n<p>Ralf Peter Pfetsch<\/p>\n<p>Beim Forsthaus 11<br \/>\n89143 Blaubeuren-Asch<br \/>\nTelefon: +49 (0)7344 9246561  <\/p>\n<p>Niklas Meyer<\/p>\n<p>Kronengasse 4\/1<br \/>\n89073 Ulm<br \/>\nTelefon: +49  179 7807112<br \/>\n[Der betriebliche Datenschutzbeauftragte von osteopathie-ulm.de ist unter der o.g. Anschrift, zu Hd. Herrn XYZ, beziehungsweise unter E-Mail-Adresse erreichbar.]<\/p>\n<p>Datenschutz<br \/>\nDie Erhebung und Nutzung Ihrer Daten erfolgt streng nach den Vorgaben des Bundesdatenschutzgesetzes (BDSG) und des Telemediengesetzes (TMG) sowie der Datenschutz Grundverordnung (DSGVO).<br \/>\nWir f\u00fchlen uns der Vertraulichkeit Ihrer personenbezogenen Daten besonders verpflichtet und arbeiten deshalb streng innerhalb der Grenzen, die die gesetzlichen Vorgaben uns setzen. Die Erhebung dieser personenbezogenen Daten erfolgt auf freiwilliger Basis, wenn uns das m\u00f6glich ist. Auch geben wir diese Daten nur mit Ihrer ausdr\u00fccklichen Zustimmung an Dritte weiter. Wir sorgen bei besonders vertraulichen Daten wie im Zahlungsverkehr oder im Hinblick auf Ihre Anfragen an uns durch Einsatz einer SSL-Verschl\u00fcsselung f\u00fcr hohe Sicherheit. Wir m\u00f6chten es aber an dieser Stelle nicht vers\u00e4umen, auf die allgemeinen Gefahren der Internetnutzung hinzuweisen, auf die wir keinen Einfluss haben. Besonders im E-Mail-Verkehr sind Ihre Daten ohne weitere Vorkehrungen nicht sicher und k\u00f6nnen unter Umst\u00e4nden von Dritten erfasst werden.<\/p>\n<p>Cookies<br \/>\nDie Internetseiten verwenden teilweise sogenannte Cookies. Cookies richten auf Ihrem Rechner keinen Schaden an und enthalten keine Viren. Cookies dienen dazu, unser Angebot nutzerfreundlicher, effektiver und sicherer zu machen. Cookies sind kleine Textdateien, die auf Ihrem Rechner abgelegt werden und die Ihr Browser speichert. Die meisten der von uns verwendeten Cookies sind sogenannte \u201eSession-Cookies\u201c. Sie werden nach Ende Ihres Besuches automatisch gel\u00f6scht. Andere Cookies bleiben auf Ihrem Endger\u00e4t gespeichert, bis Sie diese l\u00f6schen. Diese Cookies erm\u00f6glichen es uns, Ihren Browser beim n\u00e4chsten Besuch wiederzuerkennen.<br \/>\nSie k\u00f6nnen Ihren Browser so einstellen, dass Sie \u00fcber das Setzen von Cookies informiert werden und Cookies nur im Einzelfall erlauben, die Annahme von Cookies f\u00fcr bestimmte<br \/>\nF\u00e4lle oder generell ausschlie\u00dfen sowie das automatische L\u00f6schen der Cookies beim Schlie\u00dfen des Browsers aktivieren. Bei der Deaktivierung von Cookies kann die Funktionalit\u00e4t dieser Website eingeschr\u00e4nkt sein.<\/p>\n<p>Server-Log-Files<br \/>\nDer Provider der Seiten erhebt und speichert automatisch Informationen in sogenannten Server-Log-Files, die Ihr Browser automatisch an uns \u00fcbermittelt. Dies sind: Browsertyp und Browserversion, verwendetes Betriebssystem, Referrer URL, Hostname des zugreifenden Rechners, Uhrzeit der Serveranfrage. Diese Dateien sind nicht bestimmten Personen zuordenbar. Eine Zusammenf\u00fchrung dieser Daten mit anderen Datenquellen wird nicht vorgenommen. Wir behalten uns vor, diese Daten nachtr\u00e4glich zu pr\u00fcfen, wenn uns konkrete Anhaltspunkte f\u00fcr eine rechtwidrige Nutzung bekannt werden.<br \/>\nAuskunft, L\u00f6schung, Sperrung<br \/>\nSie haben jederzeit das Recht auf unentgeltliche Auskunft \u00fcber die von uns gespeicherten personenbezogenen Daten zu Ihrer Person sowie zur Herkunft, dem Empf\u00e4nger und dem Zweck von Datenerhebung sowie Datenverarbeitung. Au\u00dferdem haben Sie das Recht, die Berichtigung, die Sperrung oder L\u00f6schung Ihrer Daten zu verlangen. F\u00fcr alle Fragen und Anliegen zur Berichtigung, Sperrung oder L\u00f6schung von personenbezogenen Daten wenden Sie sich bitte an die im Impressum genannte Adresse.<\/p>\n<p>Personenbezogene Daten<br \/>\nPersonenbezogene Daten erheben wir im Rahmen von Datenvermeidung und Datensparsamkeit nur in dem Ausma\u00df und so lange, wie es zur Nutzung unserer Webseite notwendig ist, beziehungsweise vom Gesetzgeber vorgeschrieben wird. Wir nehmen den Schutz Ihrer pers\u00f6nlichen Daten ernst und halten uns bei Erhebung und Verarbeitung personenbezogener Daten streng an die entsprechenden gesetzlichen Vorschriften und an<br \/>\ndiese Datenschutzerkl\u00e4rung. F\u00e4llt der Zweck der Datenerhebung weg oder ist das Ende der gesetzlichen Speicherfrist erreicht, werden die erhobenen Daten gesperrt oder gel\u00f6scht. Regelm\u00e4\u00dfig kann unsere Webseite ohne die Weitergabe pers\u00f6nlicher Daten genutzt werden. Wenn wir personenbezogene Daten erheben \u2013 etwa Ihren Namen, Ihre Anschrift oder Ihre E-Mail-Adresse \u2013 erfolgt diese Datenerhebung freiwillig. Ohne eine ausdr\u00fccklich erteilte Zustimmung von Ihrer Seite werden diese Daten Dritten nicht zur Kenntnis gebracht. Beachten Sie bitte, dass Daten im Internet allgemein nicht immer sicher \u00fcbertragen werden. Besonders im E-Mail-Verkehr kann der Schutz beim Datenaustausch nicht garantiert werden.<\/p>\n<p>Google AdWords<br \/>\nWir nutzen auf unserer Webseite mit Google AdWords ein Online-Werbeprogramm der Google Inc. Dabei wird auch das Conversion-Tracking eingesetzt. Mit diesem Tool setzt Google AdWords ein Cookie auf Ihrem PC, wenn Sie \u00fcber eine Google-Werbeanzeige auf unsere Webseite kommen. Das Cookie hat nach 30 Tagen keine G\u00fcltigkeit mehr. Es dient keiner pers\u00f6nlichen R\u00fcckverfolgbarkeit. Besuchen Sie als Nutzer unsere Webseite und das Cookie arbeitet noch, wird f\u00fcr uns gemeinsam mit Google erkennbar, dass Sie auf die entsprechende Anzeige geklickt haben und zu unserer Seite weitergeleitet wurden. Dabei wird jedem Google AdWords-Kunden ein anderes Cookie zugewiesen. Cookies sind so nicht \u00fcber die Webseiten der AdWords-Kunden nachverfolgbar. Mit den durch Conversion-Cookies eingeholten Daten werden Conversion-Statistiken f\u00fcr AdWords-Kunden erstellt. Wir als Kunden erfahren so die Gesamtanzahl der Nutzer, die auf unsere Anzeige reagiert haben und dann zu einer Webseite durchgeleitet wurden, die mit einem Conversion-Tracking-Tag versehen wurde. Wir erhalten bei diesem Vorgang keine Informationen, mit denen wir Sie als Nutzer pers\u00f6nlich identifizieren k\u00f6nnten. Sollten Sie das Tracking-Verfahren ablehnen, l\u00e4sst sich das Cookie des Google-Conversion-Trackings \u00fcber Ihren Internet-Browser deaktivieren. Nutzen Sie gegebenenfalls die Hilfe-Funktion des Browsers f\u00fcr weitere Informationen. N\u00e4heres zu den Datenschutzbestimmungen von Google erfahren Sie unter http:\/\/www.google.de\/policies\/privacy\/.<\/p>\n<p>Google Maps Plugin<br \/>\nWir setzen auf unserer Webseite ein Plugin des Internetdienstes Google Maps ein. Betreiber von Google Maps ist Google Inc., ans\u00e4ssig in den USA, CA 94043, 1600 Amphitheatre Parkway, Mountain View. Indem Sie Google Maps auf unserer Webseite nutzen, werden Informationen \u00fcber die Nutzung dieser Webseite und Ihre IP-Adresse an einen Google-Server in den USA \u00fcbermittelt und auch auf diesem Server gespeichert. Wir haben keine Kenntnis \u00fcber den genauen Inhalt der \u00fcbermittelten Daten, noch \u00fcber ihre Nutzung durch Google. Das Unternehmen verneint in diesem Kontext die Verbindung der Daten mit Informationen aus anderen Google-Diensten und die Erfassung personenbezogener Daten. Allerdings kann Google die Informationen an Dritte \u00fcbermitteln. Wenn Sie Javascript in Ihrem Browser deaktivieren, verhindern Sie die Ausf\u00fchrung von Google Maps. Sie k\u00f6nnen dann aber auch keine Kartenanzeige auf unserer Webseite nutzen. Mit der Nutzung unserer Webseite erkl\u00e4ren Sie Ihr Einverst\u00e4ndnis mit der beschriebenen Erfassung und Verarbeitung der Informationen durch Google Inc.. N\u00e4heres zu den Datenschutzbestimmungen und Nutzungsbedingungen f\u00fcr Google Maps erfahren Sie hier: https:\/\/www.google.com\/intl\/de_de\/help\/terms_maps.html.<\/p>\n<p>Google Analtytics<br \/>\nDiese Website nutzt Funktionen des Webanalysedienstes Google Analytics. Anbieter ist die Google Inc., 1600 Amphitheatre Parkway Mountain View, CA 94043, USA.<br \/>\nGoogle Analytics verwendet so genannte &#8222;Cookies&#8220;. Das sind Textdateien, die auf Ihrem Computer gespeichert werden und die eine Analyse der Benutzung der Website durch Sie erm\u00f6glichen. Die durch den Cookie erzeugten Informationen \u00fcber Ihre Benutzung dieser Website werden in der Regel an einen Server von Google in den USA \u00fcbertragen und dort gespeichert.<\/p>\n<p>Browser Plugin<br \/>\nSie k\u00f6nnen die Speicherung der Cookies durch eine entsprechende Einstellung Ihrer Browser-Software verhindern; wir weisen Sie jedoch darauf hin, dass Sie in diesem Fall gegebenenfalls nicht s\u00e4mtliche Funktionen dieser Website vollumf\u00e4nglich werden nutzen k\u00f6nnen. Sie k\u00f6nnen dar\u00fcber hinaus die Erfassung der durch den Cookie erzeugten und auf Ihre Nutzung der Website bezogenen Daten (inkl. Ihrer IP-Adresse) an Google sowie die Verarbeitung dieser Daten durch Google verhindern, indem Sie das unter dem folgenden Link verf\u00fcgbare Browser-Plugin herunterladen und installieren: https:\/\/tools.google.com\/dlpage\/gaoptout?hl=de<br \/>\nWiderspruch gegen Datenerfassung<br \/>\nSie k\u00f6nnen die Erfassung Ihrer Daten durch Google Analytics verhindern, indem Sie auf folgenden Link klicken. Es wird ein Opt-Out-Cookie gesetzt, der die Erfassung Ihrer Daten bei zuk\u00fcnftigen Besuchen dieser Website verhindert: Google Analytics deaktivieren<br \/>\nMehr Informationen zum Umgang mit Nutzerdaten bei Google Analytics finden Sie in der Datenschutzerkl\u00e4rung von Google: https:\/\/support.google.com\/analytics\/answer\/6004245?hl=de<br \/>\nAuftragsdatenverarbeitung<br \/>\nWir haben mit Google einen Vertrag zur Auftragsdatenverarbeitung abgeschlossen und setzen die strengen Vorgaben der deutschen Datenschutzbeh\u00f6rden bei der Nutzung von Google Analytics vollst\u00e4ndig um.<\/p>\n<p>Demografische Merkmale bei Google Analytics<br \/>\nDiese Website nutzt die Funktion \u201cdemografische Merkmale\u201d von Google Analytics. Dadurch k\u00f6nnen Berichte erstellt werden, die Aussagen zu Alter, Geschlecht und Interessen der Seitenbesucher enthalten. Diese Daten stammen aus interessenbezogener Werbung von Google sowie aus Besucherdaten von Drittanbietern. Diese Daten k\u00f6nnen keiner bestimmten Person zugeordnet werden. Sie k\u00f6nnen diese Funktion jederzeit \u00fcber die Anzeigeneinstellungen in Ihrem Google-Konto deaktivieren oder die Erfassung Ihrer Daten durch Google Analytics wie im Punkt \u201cWiderspruch gegen Datenerfassung\u201d dargestellt generell untersagen.<\/p>\n<p>Facebook-Plugins (Like-Button)<br \/>\nAuf unseren Seiten sind Plugins des sozialen Netzwerks Facebook, Anbieter Facebook Inc., 1 Hacker Way, Menlo Park, California 94025, USA, integriert. Die Facebook-Plugins<br \/>\nerkennen Sie an dem Facebook-Logo oder dem &#8222;Like-Button&#8220; (&#8222;Gef\u00e4llt mir&#8220;) auf unserer Seite. Eine \u00dcbersicht \u00fcber die Facebook-Plugins finden Sie hier: https:\/\/developers.facebook.com\/docs\/plugins\/.<br \/>\nWenn Sie unsere Seiten besuchen, wird \u00fcber das Plugin eine direkte Verbindung zwischen Ihrem Browser und dem Facebook-Server hergestellt. Facebook erh\u00e4lt dadurch die Information, dass Sie mit Ihrer IP-Adresse unsere Seite besucht haben. Wenn Sie den Facebook &#8222;Like-Button&#8220; anklicken w\u00e4hrend Sie in Ihrem Facebook-Account eingeloggt sind, k\u00f6nnen Sie die Inhalte unserer Seiten auf Ihrem Facebook-Profil verlinken. Dadurch kann Facebook den Besuch unserer Seiten Ihrem Benutzerkonto zuordnen. Wir weisen darauf hin, dass wir als Anbieter der Seiten keine Kenntnis vom Inhalt der \u00fcbermittelten Daten sowie deren Nutzung durch Facebook erhalten. Weitere Informationen hierzu finden Sie in der Datenschutzerkl\u00e4rung von Facebook unter https:\/\/de-de.facebook.com\/policy.php. Wenn Sie nicht w\u00fcnschen, dass Facebook den Besuch unserer Seiten Ihrem Facebook-Nutzerkonto zuordnen kann, loggen Sie sich bitte aus Ihrem Facebook-Benutzerkonto aus.<\/p>\n<p>SSL-Verschl\u00fcsselung<br \/>\nDiese Seite nutzt aus Gr\u00fcnden der Sicherheit und zum Schutz der \u00dcbertragung vertraulicher Inhalte, wie zum Beispiel der Anfragen, die Sie an uns als Seitenbetreiber senden, eine SSL-Verschl\u00fcsselung. Eine verschl\u00fcsselte Verbindung erkennen Sie daran, dass die Adresszeile des Browsers von &#8222;http:\/\/&#8220; auf &#8222;https:\/\/&#8220; wechselt und an dem Schloss-Symbol in Ihrer Browserzeile.<br \/>\nWenn die SSL Verschl\u00fcsselung aktiviert ist, k\u00f6nnen die Daten, die Sie an uns \u00fcbermitteln, nicht von Dritten mitgelesen werden.<\/p>\n<p>Widerspruch Werbe-E-Mails<br \/>\nIm Rahmen der gesetzlichen Impressumspflicht m\u00fcssen wir unsere Kontaktdaten ver\u00f6ffentlichen. Diese werden von dritten Personen teilweise zur \u00dcbersendung nicht erw\u00fcnschter Werbung und Informationen genutzt. Wir widersprechen hiermit jeglicher von uns nicht ausdr\u00fccklich autorisierten \u00dcbersendung von Werbematerial aller Art. Wir behalten uns ferner ausdr\u00fccklich rechtliche Schritte gegen die unerw\u00fcnschte und unverlangte Zusendung von Werbematerial vor. Dies gilt insbesondere f\u00fcr sogenannte Spam-E-Mails, Spam-Briefe und Spam-Faxe. Wir weisen darauf hin, dass die unautorisierte \u00dcbermittlung von Werbematerial sowohl wettbewerbsrechtliche, zivilrechtliche und strafrechtliche Tatbest\u00e4nde ber\u00fchren kann. Speziell Spam-E-Mails und Spam-Faxe k\u00f6nnen zu hohen Schadensersatzforderungen f\u00fchren, wenn sie den Gesch\u00e4ftsbetrieb durch \u00dcberf\u00fcllung von Postf\u00e4chern oder Faxger\u00e4ten st\u00f6ren.<\/p>\n","protected":false},"excerpt":{"rendered":"<p>Dies ist ein einfaches Muster zur Erf\u00fcllung der Informationspflichten, die sich bei der Nutzung Ihrer Homepage aus Art. 13 und 14 DSGVO ergeben. Hinweise zur Datenverarbeitung Sehr geehrter Besucher unserer Homepage, wir sind verpflichtet, Sie umfassend \u00fcber den Umfang und den Zweck der im Rahmen der Homepagenutzung erhobener Daten und Ihre damit verbundenen Rechte zu informieren. Diese Hinweise zur Datenverarbeitung [&hellip;]<\/p>\n","protected":false},"author":1,"featured_media":0,"parent":0,"menu_order":0,"comment_status":"closed","ping_status":"closed","template":"","meta":[],"_links":{"self":[{"href":"https:\/\/www.osteopathie-ulm.de\/index.php?rest_route=\/wp\/v2\/pages\/185"}],"collection":[{"href":"https:\/\/www.osteopathie-ulm.de\/index.php?rest_route=\/wp\/v2\/pages"}],"about":[{"href":"https:\/\/www.osteopathie-ulm.de\/index.php?rest_route=\/wp\/v2\/types\/page"}],"author":[{"embeddable":true,"href":"https:\/\/www.osteopathie-ulm.de\/index.php?rest_route=\/wp\/v2\/users\/1"}],"replies":[{"embeddable":true,"href":"https:\/\/www.osteopathie-ulm.de\/index.php?rest_route=%2Fwp%2Fv2%2Fcomments&post=185"}],"version-history":[{"count":5,"href":"https:\/\/www.osteopathie-ulm.de\/index.php?rest_route=\/wp\/v2\/pages\/185\/revisions"}],"predecessor-version":[{"id":196,"href":"https:\/\/www.osteopathie-ulm.de\/index.php?rest_route=\/wp\/v2\/pages\/185\/revisions\/196"}],"wp:attachment":[{"href":"https:\/\/www.osteopathie-ulm.de\/index.php?rest_route=%2Fwp%2Fv2%2Fmedia&parent=185"}],"curies":[{"name":"wp","href":"https:\/\/api.w.org\/{rel}","templated":true}]}}