{"id":25,"date":"2012-08-14T15:14:31","date_gmt":"2012-08-14T13:14:31","guid":{"rendered":"http:\/\/www.wp.osteopathie-ulm.de\/?page_id=25"},"modified":"2013-08-14T13:07:24","modified_gmt":"2013-08-14T11:07:24","slug":"willkommen","status":"publish","type":"page","link":"https:\/\/www.osteopathie-ulm.de\/","title":{"rendered":"Willkommen"},"content":{"rendered":"<address><span style=\"font-family: arial black,avant garde; font-size: xx-small;\"><\/span>Herzlich willkommen auf unseren Seiten<\/address>\n<address>Wir hoffen Ihnen hiermit einen kleinen \u00dcberblick \u00fcber unsere Arbeit geben zu k\u00f6nnen<\/address>\n<address>und einen Teil der Fragen zu beantworten die Sie vielleicht haben.<\/address>\n<address>Des Weiteren\u00a0 m\u00f6chten wir Ihnen die M\u00f6glichkeit geben, Verbindung mit uns aufzunehmen,<\/address>\n<address>oder sich direkt bei uns zu einem Kurs\/Seminar anmelden zu k\u00f6nnen.<\/address>\n<address>Viel Spass auf und mit unseren Seiten<\/address>\n<address>w\u00fcnschen Ihnen ihre Therapeuten<\/address>\n<address>\u00a0<\/address>\n<p>Ralf Pfetsch\u00a0\u00a0\u00a0\u00a0\u00a0\u00a0\u00a0\u00a0\u00a0\u00a0\u00a0\u00a0\u00a0\u00a0\u00a0\u00a0\u00a0\u00a0\u00a0\u00a0\u00a0\u00a0\u00a0\u00a0\u00a0\u00a0\u00a0\u00a0\u00a0\u00a0\u00a0\u00a0\u00a0\u00a0\u00a0\u00a0\u00a0\u00a0\u00a0\u00a0\u00a0\u00a0\u00a0\u00a0\u00a0\u00a0\u00a0\u00a0\u00a0\u00a0\u00a0\u00a0\u00a0\u00a0\u00a0\u00a0\u00a0\u00a0\u00a0\u00a0\u00a0\u00a0\u00a0\u00a0\u00a0\u00a0\u00a0\u00a0\u00a0\u00a0\u00a0\u00a0\u00a0\u00a0\u00a0\u00a0\u00a0\u00a0\u00a0\u00a0\u00a0\u00a0\u00a0\u00a0\u00a0\u00a0\u00a0\u00a0\u00a0\u00a0\u00a0\u00a0\u00a0\u00a0\u00a0\u00a0\u00a0\u00a0\u00a0\u00a0\u00a0\u00a0\u00a0\u00a0\u00a0\u00a0\u00a0\u00a0\u00a0\u00a0\u00a0\u00a0\u00a0\u00a0\u00a0\u00a0\u00a0\u00a0 Niklas Meyer<\/p>\n<address>\u00a0<\/address>\n","protected":false},"excerpt":{"rendered":"<p>Herzlich willkommen auf unseren Seiten Wir hoffen Ihnen hiermit einen kleinen \u00dcberblick \u00fcber unsere Arbeit geben zu k\u00f6nnen und einen Teil der Fragen zu beantworten die Sie vielleicht haben. Des Weiteren\u00a0 m\u00f6chten wir Ihnen die M\u00f6glichkeit geben, Verbindung mit uns aufzunehmen, oder sich direkt bei uns zu einem Kurs\/Seminar anmelden zu k\u00f6nnen. Viel Spass auf und mit unseren Seiten w\u00fcnschen [&hellip;]<\/p>\n","protected":false},"author":1,"featured_media":0,"parent":0,"menu_order":0,"comment_status":"closed","ping_status":"closed","template":"","meta":[],"_links":{"self":[{"href":"https:\/\/www.osteopathie-ulm.de\/index.php?rest_route=\/wp\/v2\/pages\/25"}],"collection":[{"href":"https:\/\/www.osteopathie-ulm.de\/index.php?rest_route=\/wp\/v2\/pages"}],"about":[{"href":"https:\/\/www.osteopathie-ulm.de\/index.php?rest_route=\/wp\/v2\/types\/page"}],"author":[{"embeddable":true,"href":"https:\/\/www.osteopathie-ulm.de\/index.php?rest_route=\/wp\/v2\/users\/1"}],"replies":[{"embeddable":true,"href":"https:\/\/www.osteopathie-ulm.de\/index.php?rest_route=%2Fwp%2Fv2%2Fcomments&post=25"}],"version-history":[{"count":18,"href":"https:\/\/www.osteopathie-ulm.de\/index.php?rest_route=\/wp\/v2\/pages\/25\/revisions"}],"predecessor-version":[{"id":145,"href":"https:\/\/www.osteopathie-ulm.de\/index.php?rest_route=\/wp\/v2\/pages\/25\/revisions\/145"}],"wp:attachment":[{"href":"https:\/\/www.osteopathie-ulm.de\/index.php?rest_route=%2Fwp%2Fv2%2Fmedia&parent=25"}],"curies":[{"name":"wp","href":"https:\/\/api.w.org\/{rel}","templated":true}]}}