{"id":44,"date":"2013-08-12T17:15:19","date_gmt":"2013-08-12T15:15:19","guid":{"rendered":"http:\/\/www.wp.osteopathie-ulm.de\/?page_id=44"},"modified":"2013-08-14T13:12:34","modified_gmt":"2013-08-14T11:12:34","slug":"osteopathie","status":"publish","type":"page","link":"https:\/\/www.osteopathie-ulm.de\/?page_id=44","title":{"rendered":"Osteopathie"},"content":{"rendered":"<p><em><span style=\"font-size: x-large;\"><span style=\"font-family: times new roman,times;\">\u00a0<\/span><\/span><span style=\"font-family: times new roman,times;\"><strong><span style=\"font-size: x-large;\">Osteopathie und Selbstheilungskr\u00e4fte des Menschen<\/span><\/strong><\/span><\/em><\/p>\n<p><em><span style=\"font-family: times new roman,times;\">Unser K\u00f6rper\u00a0 in seiner Ganzheitlichkeit ist eine geniale Sch\u00f6pfung der Natur. Er ist mit allen Mechanismen ausgestattet, sich am Leben zu erhalten und neues Leben zu schaffen. Somit verf\u00fcgt jeder Mensch \u00fcber k\u00f6rpereigene Regulationsmechanismen und Selbstheilungskr\u00e4fte, die das nat\u00fcrliche Gleichgewicht der K\u00f6rperfunktionen, die sogenannte Hom\u00f6ostase, aufrechterhalten oder bei Bedarf wiederherstellen.<\/span><\/em><\/p>\n<p><em><span style=\"font-family: times new roman,times;\">Osteopathie ist eine Behandlungsart, die das Ziel hat, unserem K\u00f6rper seine Selbstheilungskraft in vollem Umfang wieder zur Verf\u00fcgung zu stellen.<\/span><\/em><\/p>\n<p><em><span style=\"font-family: times new roman,times;\">\u00a0B<strong>eweglichkeit des K\u00f6rpers, ein Grundprinzip des Lebens<\/strong><\/span><\/em><\/p>\n<p><em><span style=\"font-family: times new roman,times;\">\u00a0Jeder K\u00f6rperteil, jedes innere Organ, alle Gewebe des K\u00f6rpers brauchen ihre Beweglichkeit, um gut zu funktionieren. Ist diese Bewegungsfreiheit eingeschr\u00e4nkt, entstehen Spannungen in den Geweben des K\u00f6rpers. Diese ver\u00e4nderte Gewebespannung hindert unseren K\u00f6rper daran, seine Regulationsmechanismen und Selbstheilungskr\u00e4fte an dieser Stelle einzusetzen, es entstehen Krankheiten und Schmerzen.\u00a0 Der Osteopath normalisiert die Beweglichkeit und Gewebespannung und gibt dem K\u00f6rper damit die M\u00f6glichkeit zur\u00fcck, mit seinen nat\u00fcrlichen Regulationsmechanismen das Problem zu beseitigen.<\/span><\/em><\/p>\n<h3><em><span style=\"font-family: times new roman,times;\"><strong>\u00a0<\/strong><\/span><span style=\"font-family: times new roman,times;\"><strong>Teilbereiche der Osteopathie<\/strong><\/span><\/em><\/h3>\n<p><em><span style=\"font-family: times new roman,times;\">\u00a0Es gibt drei Bereiche, die sich st\u00e4ndig gegenseitig beeinflussen und fest miteinander verbunden sind. F\u00fcr eine ganzheitliche Behandlung werden diese drei Bereiche deshalb immer im gegenseitigen Zusammenhang und ihren Wechselbeziehungen betrachtet.<\/span><\/em><\/p>\n<p><em><span style=\"font-family: times new roman,times;\">Der erste Bereich besch\u00e4ftigt sich mit der Funktion des Bewegungsapparates, also allen Gelenken, Muskeln, Sehnen, B\u00e4ndern und ihren Umh\u00fcllungen, den, sogenannten Fascien.<\/span><\/em><\/p>\n<p><em><span style=\"font-family: times new roman,times;\">Die Fascien stellen die Verbindungen zu den anderen Bereichen her.<\/span><\/em><\/p>\n<p><em><span style=\"font-family: times new roman,times;\">Der zweite Bereich erkl\u00e4rt die Funktion und Beweglichkeit der inneren Organe. Auch unsere inneren Organe bewegen sich st\u00e4ndig mit dem Rhythmus unseres Atems. Ist diese Beweglichkeit gest\u00f6rt, kommt es mit der Zeit zu Funktionsst\u00f6rungen. <\/span><\/em><\/p>\n<p><em><span style=\"font-family: times new roman,times;\">Der dritte Bereich beschreibt, da\u00df auch unser Sch\u00e4del, der aus mehreren Knochen zusammengesetzt ist, ein minimal bewegliches Gebilde darstellt. Die Menge der Gehirnfl\u00fcssigkeit schwankt mehrmals pro Minute. Die damit verbundene Spannungs- und Druckver\u00e4nderung wird in Bewegung umgesetzt und die Kr\u00e4fte mechanisch auf die Gehirnh\u00e4ute, die Knochen des Sch\u00e4dels, das Nervensystem \u00fcbertragen. Somit sind diese Bewegungen und Kr\u00e4fte im ganzen K\u00f6rper anwesend und f\u00fcr den Osteopathen sp\u00fcrbar.<\/span><\/em><\/p>\n<p><em>\u00a0<\/em><\/p>\n<h3><em><span style=\"font-family: times new roman,times;\"><strong>K\u00f6rperfl\u00fcssigkeiten und ihre Funktionen<\/strong><\/span><\/em><\/h3>\n<p><em>\u00a0<\/em><\/p>\n<p><em><span style=\"font-family: times new roman,times;\">Das Blut gelangt \u00fcber die Aterien in die Gewebe und versorgt es mit N\u00e4hrstoffen, Sauerstoff, Enzymen und wichtigen Informationen f\u00fcr den Stoffwechsel durch Hormone. Der Abtransport der Stoffwechselendprodukte erfolgt \u00fcber die Venen.<\/span><\/em><\/p>\n<p><em><span style=\"font-family: times new roman,times;\">Die Lymphfl\u00fcssigkeit transportiert gro\u00dfe Molek\u00fcle wie Eiwei\u00dfe und Fettstoffe \u00fcber die Lymphgef\u00e4\u00dfe ab und ist wichtig f\u00fcr unser Immunsystem.<\/span><\/em><\/p>\n<p><em><span style=\"font-family: times new roman,times;\">Die Hirn-R\u00fcckenmarksfl\u00fcssigkeit umsp\u00fclt unser gesamtes Nervensystem und ist wichtig f\u00fcr dessen Stoffwechsel und Schutz.<\/span><\/em><\/p>\n<p><em><span style=\"font-family: times new roman,times;\">Ein Grund, weshalb der K\u00f6rper sich nicht mehr selbst helfen kann, ist die behinderte Zirkulation der K\u00f6rperfl\u00fcssigkeiten. Die Versorgung mit notwendigen N\u00e4hrstoffen und Informationen sowie der Abtransport von anfallenden Abfallstoffen ist notwendig, damit unser K\u00f6rper gesunden kann oder Krankheit\u00a0 erst gar nicht entsteht. \u00c4hnlich einem Fluss, dessen Wasser frisch und gesund bleibt, solange es flie\u00dft, jedoch bei Stillstand tr\u00fcbe wird und zu faulen beginnt.<\/span><\/em><\/p>\n<p><em><span style=\"font-family: times new roman,times;\">Der Osteopath untersucht die rhythmische Bewegung der Fl\u00fcssigkeiten als Ausdruck der Qualit\u00e4t, und die Verteilung als Ausdruck der Quantit\u00e4t. Bei Ver\u00e4nderungen dieser Parameter wird er versuchen diese zu normalisieren.<\/span><\/em><\/p>\n<p><em><span style=\"font-family: times new roman,times;\">\u00a0<strong>Jedem Menschen seine individuelle Therapie<\/strong><\/span><\/em><\/p>\n<p><em><span style=\"font-family: times new roman,times;\">\u00a0Die Grundprinzipien unserer K\u00f6rperfunktionen sind gleich, das Zusammenspiel und der Ausdruck dieser Funktionen unterscheiden sich. Deshalb braucht jeder Mensch eine auf ihn ma\u00dfgeschneiderte Therapie. In der Osteopathie gibt es folglich kein starres Behandlungsschema.<\/span><\/em><\/p>\n<h2><em><span style=\"font-family: times new roman,times;\"><strong>\u00a0<\/strong><strong>Osteopathie ein Handwerk<\/strong><\/span><\/em><\/h2>\n<p><em><span style=\"font-family: times new roman,times;\">\u00a0Osteopathen m\u00fcssen \u00fcber solide Kenntnisse der Anatomie und der Physiologie verf\u00fcgen, einem Grundsatz aus der klassischen Medizin. Doch neben dem umfangreichen Wissen um die diversen Zusammenh\u00e4nge zwischen den verschiedenen K\u00f6rperteilen und Funktionen sind die H\u00e4nde des Osteopathen das wichtigste Instrument f\u00fcr Diagnose und Therapie. Mit seinen H\u00e4nden tastend und sp\u00fcrend sammelt er wichtige Informationen \u00fcber den aktuellen Zustand der K\u00f6rperorganisation. Damit nutzt die Osteopathie das nat\u00fcrlichste Instrument zur Feststellung und Therapie von Krankheit, welches uns die Sch\u00f6pfung gegeben hat- unsere H\u00e4nde. Die zuverl\u00e4ssige Feststellung von St\u00f6rungen setzt jahrelanges und intensives Training des Tastverm\u00f6gens voraus.<\/span><\/em><\/p>\n<h3><em><span style=\"font-family: times new roman,times;\"><strong>Die osteopathische Untersuchung <\/strong><\/span><\/em><\/h3>\n<p><em><span style=\"font-family: times new roman,times;\">\u00a0<\/span><span style=\"font-family: times new roman,times;\">Als erstes erfolgt eine Befragung zum aktuellen Problem, zu der Entstehungsgeschichte und zu allen weiteren gesundheitlichen Einschr\u00e4nkungen des Patienten. Die Verbindung von fr\u00fcheren Erkrankungen oder Symptomen zum aktuellen Problem sind f\u00fcr den Patienten nicht immer deutlich, k\u00f6nnen dem Osteopathen aber durchaus einen wichtigen L\u00f6sungsansatz <\/span><span style=\"font-family: times new roman,times;\">bieten. Bringen Sie deshalb immer alle Befunde ( R\u00f6ntgenaufnahmen, Laborbefunde usw. ) zur ersten Behandlung mit.<\/span><\/em><\/p>\n<p><em><span style=\"font-family: times new roman,times;\">Nach der allgemeinen Untersuchung mit Stethoskop, Holzspatel und Reflexh\u00e4mmerchen folgen eine Reihe spezieller Tests f\u00fcr den Bewegungsapparat, die inneren Organe und das Nervensystem. Der Osteopath nutzt daf\u00fcr seine H\u00e4nde. Der Patient muss dabei oft aktiv mitarbeiten. Mal am Hals oder Kopf kaum wahrnehmbar tastend, den Bauch beklopfend und dann wieder am R\u00fccken die genaue Position jedes einzelnen Wirbels bestimmend, macht sich der Osteopath ein Bild davon, wie sich der\u00a0 K\u00f6rper organisiert hat.<\/span><\/em><\/p>\n<p><em><span style=\"font-family: times new roman,times;\"><strong>Die osteopathische Behandlung<\/strong><\/span><\/em><\/p>\n<p><em><span style=\"font-family: times new roman,times;\">Zum besseren Verst\u00e4ndnis der osteopathischen Behandlungsidee werde ich das Symptom R\u00fcckenschmerzen verwenden. Das Prinzip ist jedoch auf jede andere Symptomatik \u00fcbertragbar.<\/span><\/em><\/p>\n<p><em><span style=\"font-family: times new roman,times;\">Die Grundfrage vor einer Behandlung ist, ob die Symptomatik das Bild einer funktionellen St\u00f6rung ist oder ob eine strukturelle Ver\u00e4nderung stattgefunden hat.<\/span><\/em><\/p>\n<p><em><span style=\"font-family: times new roman,times;\">Funktionelle St\u00f6rung bedeutet: die Funktion der Wirbelgelenke, das hei\u00dft die Beweglichkeit, ist gest\u00f6rt. Das Gelenk ist aber nicht nachweislich ver\u00e4ndert. Hier stellt sich jetzt die Frage, weshalb unser K\u00f6rper diese ver\u00e4nderte Funktion nicht aufl\u00f6st.<\/span><\/em><\/p>\n<p><em><span style=\"font-family: times new roman,times;\">Ist die Ursache eine zu starke Verletzung durch einen Schlag oder Sturz, wird der Osteopath das Gelenk direkt behandeln.<\/span><\/em><\/p>\n<p><em><span style=\"font-family: times new roman,times;\">Es besteht aber auch die M\u00f6glichkeit,\u00a0 da\u00df die ver\u00e4nderte Funktion der Wirbelgelenke vom K\u00f6rper nicht mehr selbst korrigiert wird, weil sie aktuell notwendig ist um andere Organe zu unterst\u00fctzen. Hier wird der Osteopath untersuchen, ob andere Bereiche (Nervensystem, innere Organe, Gelenke) des K\u00f6rpers die Funktionsst\u00f6rung verursachen, und zuerst diese behandeln, um dem K\u00f6rper die Korrektur der Wirbelgelenksfunktion zu erm\u00f6glichen. <\/span><\/em><\/p>\n<p><em><span style=\"font-family: times new roman,times;\">Letztendlich wird nicht zwingend der R\u00fccken behandelt, wenn er schmerzt, sondern das ausl\u00f6sende Organ. <\/span><\/em><\/p>\n<p><em><span style=\"font-family: times new roman,times;\">Bei einer strukturellen Ver\u00e4nderung hat bereits eine Ver\u00e4nderung an der Form der Wirbelgelenke stattgefunden, die oft nicht mehr r\u00fcckg\u00e4ngig zu machen ist. Hier wird der Osteopath nach einer Variante suchen, ob der K\u00f6rper das ver\u00e4nderte Gelenk besser in seine K\u00f6rperorganisation einbinden kann. Er wird versuchen, durch die Behandlung anderer Gelenke oder Organe, dem Organismus die M\u00f6glichkeit zu geben die Belastung auf das zerst\u00f6rte Gelenk zu reduzieren. <\/span><\/em><\/p>\n<h3><em><span style=\"font-family: times new roman,times;\"><strong>M\u00f6glichkeiten und Grenzen der Osteopathie\u00a0 <\/strong><\/span><\/em><\/h3>\n<p><em><span style=\"font-family: times new roman,times;\">Der Vorzug der Osteopathie liegt darin, da\u00df sie funktionelle St\u00f6rungen, die auch noch keine klinischen Symptome hervorgerufen haben, erkennen und behandeln kann. Strukturelle Sch\u00e4den werden in der Regel schulmedizinisch behandelt, doch kann der Osteopath die sie h\u00e4ufig ausl\u00f6senden funktionellen St\u00f6rungen entdecken und therapieren. Oft f\u00fchren strukturelle Sch\u00e4den zu einer Ausgleichsreaktion an anderer Stelle. Auch hier kann der Osteopath die damit einhergehenden funktionellen St\u00f6rungen erfolgreich behandeln.<\/span><\/em><\/p>\n<p><em><span style=\"font-family: Times New Roman;\"><span style=\"font-family: times new roman,times;\">Einige Beispiele f\u00fcr Behandlungsm\u00f6glichkeiten sind: Schrei- und Spuckkinder, Schiefhals, Zahnregulierungen, Skoliose, Unterleibsbeschwerden bei Frauen, Schwangerschaftsbeschwerden, Kopfschmerzen, Kreuzschmerzen, Schulterprobleme, Nackenprobleme, Folgen von Autounf\u00e4llen, Narben, Verdauungsprobleme, Hepatitis, Rheumatismus.<\/span> <\/span><\/em><\/p>\n","protected":false},"excerpt":{"rendered":"<p>\u00a0Osteopathie und Selbstheilungskr\u00e4fte des Menschen Unser K\u00f6rper\u00a0 in seiner Ganzheitlichkeit ist eine geniale Sch\u00f6pfung der Natur. Er ist mit allen Mechanismen ausgestattet, sich am Leben zu erhalten und neues Leben zu schaffen. Somit verf\u00fcgt jeder Mensch \u00fcber k\u00f6rpereigene Regulationsmechanismen und Selbstheilungskr\u00e4fte, die das nat\u00fcrliche Gleichgewicht der K\u00f6rperfunktionen, die sogenannte Hom\u00f6ostase, aufrechterhalten oder bei Bedarf wiederherstellen. Osteopathie ist eine Behandlungsart, die [&hellip;]<\/p>\n","protected":false},"author":1,"featured_media":0,"parent":0,"menu_order":0,"comment_status":"closed","ping_status":"closed","template":"","meta":[],"_links":{"self":[{"href":"https:\/\/www.osteopathie-ulm.de\/index.php?rest_route=\/wp\/v2\/pages\/44"}],"collection":[{"href":"https:\/\/www.osteopathie-ulm.de\/index.php?rest_route=\/wp\/v2\/pages"}],"about":[{"href":"https:\/\/www.osteopathie-ulm.de\/index.php?rest_route=\/wp\/v2\/types\/page"}],"author":[{"embeddable":true,"href":"https:\/\/www.osteopathie-ulm.de\/index.php?rest_route=\/wp\/v2\/users\/1"}],"replies":[{"embeddable":true,"href":"https:\/\/www.osteopathie-ulm.de\/index.php?rest_route=%2Fwp%2Fv2%2Fcomments&post=44"}],"version-history":[{"count":14,"href":"https:\/\/www.osteopathie-ulm.de\/index.php?rest_route=\/wp\/v2\/pages\/44\/revisions"}],"predecessor-version":[{"id":105,"href":"https:\/\/www.osteopathie-ulm.de\/index.php?rest_route=\/wp\/v2\/pages\/44\/revisions\/105"}],"wp:attachment":[{"href":"https:\/\/www.osteopathie-ulm.de\/index.php?rest_route=%2Fwp%2Fv2%2Fmedia&parent=44"}],"curies":[{"name":"wp","href":"https:\/\/api.w.org\/{rel}","templated":true}]}}