{"id":54,"date":"2013-08-12T17:36:27","date_gmt":"2013-08-12T15:36:27","guid":{"rendered":"http:\/\/www.wp.osteopathie-ulm.de\/?page_id=54"},"modified":"2013-08-14T13:12:50","modified_gmt":"2013-08-14T11:12:50","slug":"osteopathie-bei-kindern","status":"publish","type":"page","link":"https:\/\/www.osteopathie-ulm.de\/?page_id=54","title":{"rendered":"Osteopathie bei Kindern"},"content":{"rendered":"<p><em><span style=\"font-family: times new roman,times;\">Im Mutterleib hat das Kind alles was es braucht. Es wird mit Sauerstoff und ausreichend N\u00e4hrstoffen versorgt. Fast Schwerelos, vor lauten Ger\u00e4uschen und grellem Licht gesch\u00fctzt, schwebt das Baby im Fruchtwasser.<\/span><\/em><\/p>\n<p><em><span style=\"font-family: times new roman,times;\">Sinnvoll ist es in dieser Zeit, eventuell die Mutter osteopathisch zu behandeln.<\/span><\/em><\/p>\n<p><em><span style=\"font-family: times new roman,times;\">Das Kind nimmt immer mehr Platz ein, Organe verschieben sich und m\u00fcssen eine leicht ver\u00e4nderte Position einnehmen.<\/span><\/em><\/p>\n<p><em><span style=\"font-family: times new roman,times;\">Dadurch k\u00f6nnen Verdauungsprobleme, \u00dcbelkeit, oder Sodbrennen entstehen. Die Organe sind mit B\u00e4ndern an der Wirbels\u00e4ule und Becken befestigt, R\u00fcckenprobleme k\u00f6nnen hier ihre Ursache haben.<\/span><\/em><\/p>\n<p><em><span style=\"font-family: times new roman,times;\">Die Versorgung des Kindes \u00fcbernehmen Gef\u00e4\u00dfe und Leitungsbahnen die auf H\u00f6he der unteren Lendenwirbels\u00e4ule und des Kreuzbeins verlaufen.<\/span><\/em><\/p>\n<p><em><span style=\"font-family: times new roman,times;\">Damit die Versorgung des Kindes optimal gesichert ist sollte dieser Bereich frei von St\u00f6rungen sein.<\/span><\/em><\/p>\n<p><em><span style=\"font-family: times new roman,times;\">Zum Ende der Schwangerschaft wird der Platz immer weniger, hormonelle Ver\u00e4nderungen setzen ein, es wird Zeit in das Licht der Welt zu treten.<\/span><\/em><\/p>\n<p><em><span style=\"font-family: times new roman,times;\">Die erste \u201ebedrohliche Krise\u201c im Leben tritt ein, die Geburt.<\/span><\/em><\/p>\n<p><em><span style=\"font-family: times new roman,times; font-size: large;\">Die Geburt<\/span><\/em><\/p>\n<p><em><span style=\"font-family: times new roman,times;\">Das Kind wird unter dem Hohen Druck der Wehen, vom Bauch ins Becken, und dann durch den Geburtskanal gepresst.<\/span><\/em><\/p>\n<p><em><span style=\"font-family: times new roman,times;\">Das Kind ist f\u00fcr diesen Prozess gut ger\u00fcstet, der K\u00f6rper ist weich, flexibel und gut verformbar. Der Kopf, als K\u00f6rperteil mit dem gr\u00f6\u00dften Durchmesser, kann sich dabei extrem verformen und an die Engen Platzverh\u00e4ltnisse anpassen.<\/span><\/em><\/p>\n<p><em><span style=\"font-family: times new roman,times;\">M\u00f6glich wird dies durch die Weiche der Knochen, und dadurch, dass der Sch\u00e4del aus einzelnen Knochenplatten besteht, die sich unter dem Druck \u00fcbereinander schieben.<\/span><\/em><\/p>\n<p><em><span style=\"font-family: times new roman,times;\">\u00a0<\/span><\/em><\/p>\n<p><em><span style=\"font-family: times new roman,times;\">M\u00f6gliche Probleme nach dem Geburtsprozess<\/span><\/em><\/p>\n<p><em><span style=\"font-family: times new roman,times;\">Im Idealfall normalisieren sich die Spuren der Geburt schnell wieder.<\/span><\/em><\/p>\n<p><em><span style=\"font-family: times new roman,times;\">Es kann aber auch sein, das starke Kompressionen im Bereich der Wirbels\u00e4ule und des Sch\u00e4dels dazu f\u00fchren, das Gelenke und Knochen gestaucht bleiben. Oder die einzelnen Sch\u00e4delplatten finden nicht gleich wieder ihren idealen Platz.<\/span><\/em><\/p>\n<p><em><span style=\"font-family: times new roman,times;\">An diesen Stellen entspringen wichtige Nerven, die zum Beispiel unsere Sinnesorgane versorgen, und die Funktion unserer inneren Organe steuern.<\/span><\/em><\/p>\n<p><em><span style=\"font-family: times new roman,times;\">St\u00f6rungen der Verdauung, wie Bl\u00e4hungen, Spucken und Verstopfung k\u00f6nnen hier genauso ihre Ursachen haben, wie Unruhe, \u00fcberm\u00e4\u00dfiges Schreien und eine ungleiche oder verz\u00f6gerte motorische Entwicklung.<\/span><\/em><\/p>\n<p><em><span style=\"font-family: times new roman,times;\">Sp\u00e4ter zeigen sich die Funktionsst\u00f6rungen zum Beispiel in Skoliosen, oder in \u00fcberm\u00e4\u00dfig h\u00e4ufigen Mittelohr- und Nasennebenh\u00f6lenentz\u00fcndungen.<\/span><\/em><\/p>\n<p><em><span style=\"font-family: times new roman,times;\">Auch Zahnfehlstellungen k\u00f6nnen hier ihre Ursache haben<\/span><\/em><\/p>\n<p><em><span style=\"font-family: times new roman,times;\">\u00a0<\/span><\/em><\/p>\n<p><em><span style=\"font-family: times new roman,times;\">Eine neue Lebenssituation erfordert eine Anpassung<\/span><\/em><\/p>\n<p><em><span style=\"font-family: times new roman,times;\">Ist das Kind auf der Welt, \u00e4ndern sich viele Dinge, auf die der K\u00f6rper sich erst einmal einstellen muss.<\/span><\/em><\/p>\n<p><em><span style=\"font-family: times new roman,times;\">Der kleine K\u00f6rper, wird das erste Mal ohne die tragende Funktion des Fruchtwassers, der Schwerkraft ausgesetzt. Das Kind soll selbst atmen, und sich ern\u00e4hren indem es die Muttermilch aufnimmt und verdaut.<\/span><\/em><\/p>\n<p><em><span style=\"font-family: times new roman,times;\">Die neuen massiven Ver\u00e4nderungen der Umweltreize wie Ger\u00e4usche, Licht, Ger\u00fcche, Ber\u00fchrungen usw., wollen erst einmal verarbeitet sein.<\/span><\/em><\/p>\n<p><em><span style=\"font-family: times new roman,times;\">Es gibt wohl kaum eine Situation im Leben eines Menschen, die reicher an Ver\u00e4nderungen ist.<\/span><\/em><\/p>\n<p><em><span style=\"font-family: times new roman,times;\">Warum eine osteopathische Untersuchung<\/span><\/em><\/p>\n<p><em><span style=\"font-family: times new roman,times;\">Um sich gut an die neuen Lebensbedingungen anpassen zu k\u00f6nnen, ist es wichtig, dass alle K\u00f6rperfunktionen optimal ablaufen k\u00f6nnen und gut im Zusammenspiel funktionieren.<\/span><\/em><\/p>\n<p><em><span style=\"font-family: times new roman,times;\">Der Osteopath untersucht die drei Systeme ( innere Organe, Nervensystem, Bewegungsapparat ) und wird sie mit einigen Handgriffen so beeinflussen, dass sie spannungsfrei und optimal funktionieren k\u00f6nnen.<\/span><\/em><\/p>\n<p><em><span style=\"font-family: times new roman,times;\">Es wird nicht nur jede Funktion einzeln untersucht. Sondern wichtig ist die Interaktion und Beeinflussung der einzelnen Systeme untereinander.<\/span><\/em><\/p>\n<p><em><span style=\"font-family: times new roman,times;\">Damit kann sich das Kind, unter Nutzung all seiner von der Natur gegebenen M\u00f6glichkeiten, entwickeln und entfalten.<\/span><\/em><\/p>\n<p><em><span style=\"font-family: times new roman,times;\">So kann das Kind Krankheiten schneller \u00fcberwinden, oder sie entstehen gar nicht erst, da das Kind durch eine gute K\u00f6rperfunktion sein Immunsystem optimal gebrauchen kann.<\/span><\/em><\/p>\n<p><em><span style=\"font-family: times new roman,times;\">\u00a0<\/span><\/em><\/p>\n<p><em><span style=\"font-family: times new roman,times; font-size: large;\">Was kann der Osteopath tun ?<\/span><\/em><\/p>\n<p><em><span style=\"font-family: times new roman,times;\">Als erstes wird er den S\u00e4ugling untersuchen, ob alle Reflexe normal sind, wie sich die Wirbels\u00e4ule bewegt, ob der Kopf Spannungsfrei ist, und der cranioscrale Rhythmus sich voll entfalten kann.<\/span><\/em><\/p>\n<p><em><span style=\"font-family: times new roman,times;\">Weiterhin ist interessant ob die inneren Organe ihre Verdauungsfunktion st\u00f6rungsfrei verrichten k\u00f6nnen und ausreichend beweglich sind.<\/span><\/em><\/p>\n<p><em><span style=\"font-family: times new roman,times;\">Auch die Atmung ist nach der Geburt eine neue Funktion, die erst einmal perfekt in den K\u00f6rper integriert werden will. Hier schaut der Osteopath, ob es eventuell Bewegungseinschr\u00e4nkungen oder Spannungen gibt, die die Atemfunktion oder ihr Zusammenspiel mit anderen K\u00f6rperfunktionen behindert.<\/span><\/em><\/p>\n<p><em><span style=\"font-family: times new roman,times;\">Findet der Osteopath Einschr\u00e4nkungen der Beweglichkeit oder erh\u00f6hte Spannungen beseitigt er diese mit seinen H\u00e4nden durch Ber\u00fchrung und Bewegung.<\/span><\/em><\/p>\n<p><em><span style=\"font-family: times new roman,times;\">\u00a0<\/span><\/em><\/p>\n<p><em><span style=\"font-family: times new roman,times; font-size: large;\">Gute Gr\u00fcnde f\u00fcr eine osteopathische Behandlung<\/span><\/em><\/p>\n<p><em><span style=\"font-family: times new roman,times;\">Da der Osteopath ausschlie\u00dflich seine H\u00e4nde als Instrument der Therapie nutzt, und ohne Medikamente auskommt, gibt es auch keine Nebenwirkungen.<\/span><\/em><\/p>\n<p><em><span style=\"font-family: times new roman,times;\">In der Osteopathie werden alle Funktionen und ihre St\u00f6rungen als Teil eines gro\u00dfen Ganzen betrachtet. Wir sehen das Kind also als Ganzes und behandeln nicht nur einzelne St\u00f6rungen.<\/span><\/em><\/p>\n<p><em><span style=\"font-family: times new roman,times;\">\u00a0<\/span><\/em><\/p>\n<p><em><span style=\"font-family: times new roman,times;\">Als Osteopathen erkennen wir die Individualit\u00e4t des Lebens an. Kein Kind ist einem anderen gleich, jedes hat seine ihm eigene St\u00e4rken und Schw\u00e4chen, die es zu f\u00f6rdern oder eventuell auszugleichen gilt.<\/span><\/em><\/p>\n<p><em><span style=\"font-family: times new roman,times;\">Wir sollten unsere Kinder ein St\u00fcck auf ihrem Weg begleiten, und sie unterst\u00fctzen wo wir k\u00f6nnen, aber gleichzeitig auch ihre Eigenheiten achten, in Krankheit genauso wie in Gesundheit.<\/span><\/em><\/p>\n<p><em><span style=\"font-family: times new roman,times;\">Es kommt also nicht auf Ver\u00e4nderung an, sondern viel mehr das zu unterst\u00fctzen was unsere Kinder mit ins Leben bekommen haben.<\/span><\/em><\/p>\n<p><em><span style=\"font-family: times new roman,times; font-size: large;\">\u00a0<\/span><\/em><\/p>\n<p><em><span style=\"font-family: times new roman,times; font-size: large;\">Behandlungsbeispiele<\/span><\/em><\/p>\n<p><em><span style=\"font-family: times new roman,times;\">Nebenh\u00f6lenentz\u00fcndungen<\/span><\/em><\/p>\n<p><em><span style=\"font-family: times new roman,times;\">Es kommt hierbei zu einer Schleimhautentz\u00fcndung der Hohlr\u00e4ume im Bereich des Gesichtssch\u00e4dels.<\/span><\/em><\/p>\n<p><em><span style=\"font-family: times new roman,times;\">Tritt diese geh\u00e4uft auf kann es sein, dass mangelnde Beweglichkeit der Gesichtsknochen oder erh\u00f6hte Spannungen in diesem Bereich die Ursache daf\u00fcr sind.<\/span><\/em><\/p>\n<p><em><span style=\"font-family: times new roman,times;\">Der Grund f\u00fcr die St\u00f6rung kann aber auch an anderer Stelle im K\u00f6rper liegen, von wo Spannungen auf den Gesichtssch\u00e4del \u00fcbertragen werden.<\/span><\/em><\/p>\n<p><em><span style=\"font-family: times new roman,times;\">Ein geschw\u00e4chtes Immunsystem kann ebenfalls eine Rolle spielen.<\/span><\/em><\/p>\n<p><em><span style=\"font-family: times new roman,times;\">Der Osteopath untersucht den Sch\u00e4del auf Bewegungseinschr\u00e4nkungen und Spannungen und sucht nach deren Ursachen um beides zu behandeln.<\/span><\/em><\/p>\n<p><em><span style=\"font-family: times new roman,times;\">Des Weiteren wird er alle Organe untersuchen, die mit der Funktion des Immunsystems eng verbunden sind.<\/span><\/em><\/p>\n<p><em><span style=\"font-family: times new roman,times; font-size: large;\">Mittelohrentz\u00fcndung<\/span><\/em><\/p>\n<p><em><span style=\"font-family: times new roman,times;\">Hier ist die Behandlung \u00e4hnlich strukturiert, wie bei der Nebenh\u00f6hlenentz\u00fcndung beschrieben.<\/span><\/em><\/p>\n<p><em><span style=\"font-family: times new roman,times;\">Besondere Bedeutung hat hier noch die Verbindungsr\u00f6hre zwischen Mittelohr und dem Rachenraum. Diese Verbindung dient zur Bel\u00fcftung und zum Druckausgleich.<\/span><\/em><\/p>\n<p><em><span style=\"font-family: times new roman,times;\">Eine osteopathische Behandlung von Kindern die oft an Mittelohrentz\u00fcndungen leiden senkt die H\u00e4ufigkeit und das Ausma\u00df der Entz\u00fcndungen. So kann die Gabe von Antibiotika oft reduziert werden.<\/span><\/em><\/p>\n<p><em><span style=\"font-family: times new roman,times; font-size: large;\">Dreimonatskolik<\/span><\/em><\/p>\n<p><em><span style=\"font-family: times new roman,times;\">Die Koliken sind das Bild einer St\u00f6rung im Bereich des Magen-Darm-Trakts.<\/span><\/em><\/p>\n<p><em><span style=\"font-family: times new roman,times;\">Die Ursachen liegen im Magen-Darm-Trakt selbst, oder im Bereich der Wirbels\u00e4ule und der Sch\u00e4delbasis. Nerven die f\u00fcr die Funktion der inneren Organe zust\u00e4ndig sind entspringen hier.<\/span><\/em><\/p>\n<p><em><span style=\"font-family: times new roman,times;\">Der Osteopath sucht nach Asymmetrien, Kompressionen und Bewegungseinschr\u00e4nkungen in diesen Bereichen und l\u00f6st sie mit seinen H\u00e4nden.<\/span><\/em><\/p>\n<p><em><span style=\"font-family: times new roman,times; font-size: large;\">Schreikind<\/span><\/em><\/p>\n<p><em><span style=\"font-family: times new roman,times;\">F\u00fcr ein Kleinkind oder S\u00e4ugling ist Schreien oft die einzige M\u00f6glichkeit Probleme auszudr\u00fccken. Der Osteopath untersucht deshalb, genau wie bei jedem Patienten, den gesamten K\u00f6rper. Ein Grund f\u00fcr das Schreien k\u00f6nnen Schwangerschafts- und Geburtsbedingte Asymmetrien und Kompressionen im Bereich der Wirbels\u00e4ule und des Kopfes sei. Dadurch kann es nicht nur zur Beeintr\u00e4chtigung der Hirnnervenfunktion sondern auch zu einer st\u00e4ndig erh\u00f6hten Spannung der Hirnh\u00e4ute und R\u00fcckenmarksh\u00e4ute kommen.<\/span><\/em><\/p>\n<p><em><span style=\"font-family: times new roman,times;\">Diese erh\u00f6hte Spannung l\u00f6sen Unruhe und Unwohlsein aus, die das Kind durch Schreien \u00e4u\u00dfert.<\/span><\/em><\/p>\n<p><em><span style=\"font-family: times new roman,times;\">Der Osteopath kann diese Spannungen mit seinen H\u00e4nden l\u00f6sen.<\/span><\/em><\/p>\n<p><em><span style=\"font-family: times new roman,times; font-size: large;\">Hyperaktivit\u00e4t (ADHD)<\/span><\/em><\/p>\n<p><em><span style=\"font-family: times new roman,times;\">Wir finden als Osteopathen bei diesen Kindern meist zahlreiche Funktionsst\u00f6rungen und\/oder starke Spannungszust\u00e4nde im gesamten Organismus. Dagegen arbeitet der K\u00f6rper kontinuierlich an. Dieses st\u00e4ndige arbeiten gegen einen Widerstand dr\u00e4ngt nach au\u00dfen und zeigt sich als hyperaktives Verhalten.<\/span><\/em><\/p>\n<p><em><span style=\"font-family: times new roman,times;\">K\u00f6nnen wir die einzelnen Funktionsst\u00f6rungen und Spannungszust\u00e4nde l\u00f6sen, verringern wir letztlich das st\u00e4ndige Ank\u00e4mpfen des K\u00f6rpers gegen sich selbst.<\/span><\/em><\/p>\n<p><em><span style=\"font-family: times new roman,times;\">Der Organismus des Kindes kann so besser und schneller zur Ruhe kommen. Die Osteopathie erzielt bei Hyperaktivit\u00e4t gute Behandlungserfolge.<\/span><\/em><\/p>\n<p>&nbsp;<\/p>\n<p><span style=\"font-family: times new roman,times;\"><em>Weiter Behandlungsbeispiele : Schlafst\u00f6rungen, Begleitende Behandlungen bei Zahnspangen, Verstopfungen, nach Unf\u00e4llen, nach Knochenbr\u00fcchen, Verdauungsprobleme, Kopfschmerzen, R\u00fcckenproblemen, Schiefhals, Sch\u00e4deldeformit\u00e4ten<\/em>.<\/span><\/p>\n","protected":false},"excerpt":{"rendered":"<p>Im Mutterleib hat das Kind alles was es braucht. Es wird mit Sauerstoff und ausreichend N\u00e4hrstoffen versorgt. Fast Schwerelos, vor lauten Ger\u00e4uschen und grellem Licht gesch\u00fctzt, schwebt das Baby im Fruchtwasser. Sinnvoll ist es in dieser Zeit, eventuell die Mutter osteopathisch zu behandeln. Das Kind nimmt immer mehr Platz ein, Organe verschieben sich und m\u00fcssen eine leicht ver\u00e4nderte Position einnehmen. [&hellip;]<\/p>\n","protected":false},"author":1,"featured_media":0,"parent":0,"menu_order":0,"comment_status":"closed","ping_status":"closed","template":"","meta":[],"_links":{"self":[{"href":"https:\/\/www.osteopathie-ulm.de\/index.php?rest_route=\/wp\/v2\/pages\/54"}],"collection":[{"href":"https:\/\/www.osteopathie-ulm.de\/index.php?rest_route=\/wp\/v2\/pages"}],"about":[{"href":"https:\/\/www.osteopathie-ulm.de\/index.php?rest_route=\/wp\/v2\/types\/page"}],"author":[{"embeddable":true,"href":"https:\/\/www.osteopathie-ulm.de\/index.php?rest_route=\/wp\/v2\/users\/1"}],"replies":[{"embeddable":true,"href":"https:\/\/www.osteopathie-ulm.de\/index.php?rest_route=%2Fwp%2Fv2%2Fcomments&post=54"}],"version-history":[{"count":6,"href":"https:\/\/www.osteopathie-ulm.de\/index.php?rest_route=\/wp\/v2\/pages\/54\/revisions"}],"predecessor-version":[{"id":106,"href":"https:\/\/www.osteopathie-ulm.de\/index.php?rest_route=\/wp\/v2\/pages\/54\/revisions\/106"}],"wp:attachment":[{"href":"https:\/\/www.osteopathie-ulm.de\/index.php?rest_route=%2Fwp%2Fv2%2Fmedia&parent=54"}],"curies":[{"name":"wp","href":"https:\/\/api.w.org\/{rel}","templated":true}]}}